{"id":51627,"date":"2018-01-22T21:33:22","date_gmt":"2018-01-22T20:33:22","guid":{"rendered":"https:\/\/mastersofthecraft.de\/?page_id=51627"},"modified":"2025-05-21T22:24:20","modified_gmt":"2025-05-21T20:24:20","slug":"voten","status":"publish","type":"page","link":"https:\/\/masterofthecraft.de\/index.php\/landing\/voten\/","title":{"rendered":"Voten"},"content":{"rendered":"<section class=\"wpb-content-wrapper\"><p>[vc_row full_width=&#8220;stretch_row&#8220; parallax=&#8220;content-moving&#8220; parallax_image=&#8220;51578&#8243; bg_type=&#8220;image&#8220; parallax_style=&#8220;vcpb-default&#8220; bg_image_repeat=&#8220;no-repeat&#8220; css=&#8220;.vc_custom_1516738243695{margin-top: -70px !important;padding-bottom: 110px !important;}&#8220;][vc_column][vc_custom_heading text=&#8220;VOTEN&#8220; font_container=&#8220;tag:h2|font_size:30|text_align:center|color:%23ffffff&#8220; google_fonts=&#8220;font_family:Roboto%3A100%2C100italic%2C300%2C300italic%2Cregular%2Citalic%2C500%2C500italic%2C700%2C700italic%2C900%2C900italic|font_style:700%20bold%20regular%3A700%3Anormal&#8220;][vc_text_separator title=&#8220;&#8220; i_icon_fontawesome=&#8220;fa fa-ravelry&#8220; i_color=&#8220;custom&#8220; i_size=&#8220;sm&#8220; color=&#8220;custom&#8220; el_width=&#8220;30&#8243; add_icon=&#8220;true&#8220; i_custom_color=&#8220;#ffffff&#8220; accent_color=&#8220;#ffffff&#8220; css=&#8220;.vc_custom_1516653640632{margin-top: -20px !important;margin-bottom: -5px !important;}&#8220;][vc_custom_heading text=&#8220;Unterst\u00fctze uns mit deinem t\u00e4glichen Vote f\u00fcr MastersOfTheCraft&#8220; font_container=&#8220;tag:p|font_size:14|text_align:center|color:%23ffffff&#8220; google_fonts=&#8220;font_family:Roboto%3A100%2C100italic%2C300%2C300italic%2Cregular%2Citalic%2C500%2C500italic%2C700%2C700italic%2C900%2C900italic|font_style:400%20regular%3A400%3Anormal&#8220;][vc_empty_space height=&#8220;70&#8243;][\/vc_column][\/vc_row][vc_row][vc_column width=&#8220;1\/2&#8243;][vc_empty_space height=&#8220;30px&#8220;]<div class=\"ult-just-icon-wrapper  \"><div class=\"align-icon\" style=\"text-align:center;\">\n<div class=\"aio-icon advanced \"  style=\"color:#ffffff;background:#9344e2;border-style:solid;border-color:#9344e2;border-width:0px;width:120px;height:120px;line-height:120px;border-radius:11px;font-size:80px;display:inline-block;\">\n\t<i class=\"Defaults-thumbs-o-up\"><\/i>\n<\/div><\/div><\/div>[vc_empty_space height=&#8220;20px&#8220;][vc_custom_heading text=&#8220;Minecraft-Server.eu&#8220; font_container=&#8220;tag:h5|font_size:18|text_align:center|color:%23000000&#8243; google_fonts=&#8220;font_family:Roboto%3A100%2C100italic%2C300%2C300italic%2Cregular%2Citalic%2C500%2C500italic%2C700%2C700italic%2C900%2C900italic|font_style:700%20bold%20regular%3A700%3Anormal&#8220;][vc_text_separator title=&#8220;&#8220; i_icon_fontawesome=&#8220;fa fa-ravelry&#8220; i_color=&#8220;custom&#8220; i_size=&#8220;sm&#8220; color=&#8220;custom&#8220; el_width=&#8220;40&#8243; add_icon=&#8220;true&#8220; i_custom_color=&#8220;rgba(54,57,64,0.3)&#8220; accent_color=&#8220;rgba(54,57,64,0.3)&#8220; css=&#8220;.vc_custom_1516655948732{margin-top: -10px !important;margin-bottom: 5px !important;}&#8220;]<div class=\" ubtn-ctn-center \"><a class=\"ubtn-link ult-adjust-bottom-margin ubtn-center ubtn-custom \" href=\"https:\/\/minecraft-server.eu\/vote\/index\/119919\" target=\"_blank\" rel=\"noopener\" ><button type=\"button\" id=\"ubtn-2761\"  class=\"ubtn ult-adjust-bottom-margin ult-responsive ubtn-custom ubtn-no-hover-bg  none  ubtn-center   tooltip-69f4a26914115\"  data-hover=\"\" data-border-color=\"\" data-bg=\"rgba(12,11,11,0.9)\" data-hover-bg=\"rgba(103,109,117,0.75)\" data-border-hover=\"\" data-shadow-hover=\"\" data-shadow-click=\"none\" data-shadow=\"\" data-shd-shadow=\"\"  data-ultimate-target='#ubtn-2761'  data-responsive-json-new='{\"font-size\":\"desktop:14px;\",\"line-height\":\"\"}'  style=\"font-weight:normal;width:140px;min-height:35px;padding:px px;border:none;background: rgba(12,11,11,0.9);color: #ffffff;\"><span class=\"ubtn-hover\" style=\"background-color:rgba(103,109,117,0.75)\"><\/span><span class=\"ubtn-data ubtn-text \" >Jetzt voten!<\/span><\/button><\/a><\/div>[vc_empty_space height=&#8220;70px&#8220;][\/vc_column][vc_column width=&#8220;1\/2&#8243;][vc_empty_space height=&#8220;30px&#8220;]<div class=\"ult-just-icon-wrapper  \"><div class=\"align-icon\" style=\"text-align:center;\">\n<div class=\"aio-icon advanced \"  style=\"color:#ffffff;background:#9344e2;border-style:solid;border-color:#9344e2;border-width:0px;width:120px;height:120px;line-height:120px;border-radius:11px;font-size:80px;display:inline-block;\">\n\t<i class=\"Defaults-thumbs-o-up\"><\/i>\n<\/div><\/div><\/div>[vc_empty_space height=&#8220;20px&#8220;][vc_custom_heading text=&#8220;Minecraft-Serverlist.net&#8220; font_container=&#8220;tag:h5|font_size:18|text_align:center|color:%23000000&#8243; google_fonts=&#8220;font_family:Roboto%3A100%2C100italic%2C300%2C300italic%2Cregular%2Citalic%2C500%2C500italic%2C700%2C700italic%2C900%2C900italic|font_style:700%20bold%20regular%3A700%3Anormal&#8220;][vc_text_separator title=&#8220;&#8220; i_icon_fontawesome=&#8220;fa fa-ravelry&#8220; i_color=&#8220;custom&#8220; i_size=&#8220;sm&#8220; color=&#8220;custom&#8220; el_width=&#8220;40&#8243; add_icon=&#8220;true&#8220; i_custom_color=&#8220;rgba(54,57,64,0.3)&#8220; accent_color=&#8220;rgba(54,57,64,0.3)&#8220; css=&#8220;.vc_custom_1516655979725{margin-top: -10px !important;margin-bottom: 5px !important;}&#8220;]<div class=\" ubtn-ctn-center \"><a class=\"ubtn-link ult-adjust-bottom-margin ubtn-center ubtn-custom \" href=\"http:\/\/mcsl.name\/25188\" target=\"_blank\" rel=\"noopener\" ><button type=\"button\" id=\"ubtn-4200\"  class=\"ubtn ult-adjust-bottom-margin ult-responsive ubtn-custom ubtn-no-hover-bg  none  ubtn-center   tooltip-69f4a2691416d\"  data-hover=\"\" data-border-color=\"\" data-bg=\"rgba(12,11,11,0.9)\" data-hover-bg=\"rgba(103,109,117,0.75)\" data-border-hover=\"\" data-shadow-hover=\"\" data-shadow-click=\"none\" data-shadow=\"\" data-shd-shadow=\"\"  data-ultimate-target='#ubtn-4200'  data-responsive-json-new='{\"font-size\":\"desktop:14px;\",\"line-height\":\"\"}'  style=\"font-weight:normal;width:140px;min-height:35px;padding:px px;border:none;background: rgba(12,11,11,0.9);color: #ffffff;\"><span class=\"ubtn-hover\" style=\"background-color:rgba(103,109,117,0.75)\"><\/span><span class=\"ubtn-data ubtn-text \" >Jetzt voten!<\/span><\/button><\/a><\/div>[vc_empty_space height=&#8220;70px&#8220;][\/vc_column][\/vc_row][vc_row bg_type=&#8220;bg_color&#8220; bg_override=&#8220;ex-full&#8220; bg_color_value=&#8220;#2d3035&#8243;][vc_column][vc_column_text]<\/p>\n<p style=\"text-align: center; letter-spacing: 0px; font-size: 14px;\"><span style=\"color: #e7e7e7;\">Copyright \u00a9 MasterOfTheCraft 2018<\/span><\/p>\n<p>[\/vc_column_text][vc_text_separator title=&#8220;&#8220; i_icon_fontawesome=&#8220;fa fa-ravelry&#8220; i_color=&#8220;custom&#8220; i_size=&#8220;sm&#8220; color=&#8220;custom&#8220; el_width=&#8220;30&#8243; add_icon=&#8220;true&#8220; i_custom_color=&#8220;#e7e7e7&#8243; accent_color=&#8220;#e7e7e7&#8243; css=&#8220;.vc_custom_1516736316260{margin-top: -40px !important;margin-bottom: -5px !important;}&#8220;][vc_column_text]<\/p>\n<p style=\"text-align: center;\"><span style=\"color: #676d75; font-size: 14px; letter-spacing: 0px;\">\u00a0 \u00a0 \u00a0 \u00a0 \u00a0 \u00a0 \u00a0 \u00a0 \u00a0 <a style=\"color: #676d75;\" href=\"https:\/\/masterofthecraft.de\/index.php\/landing\/impressum\/\">Impressum<\/a><\/span> <span style=\"color: #e7e7e7;\">|<\/span> <span style=\"color: #676d75;\"><a style=\"color: #676d75;\" href=\"https:\/\/masterofthecraft.de\/index.php\/landing\/impressum\/\"><span style=\"font-size: 14px; letter-spacing: 0px;\">Haftungsausschuss<\/span><\/a><\/span><\/p>\n<p>[\/vc_column_text][\/vc_column][\/vc_row]<\/p>\n<\/section>","protected":false},"excerpt":{"rendered":"<p>[vc_row full_width=&#8220;stretch_row&#8220; parallax=&#8220;content-moving&#8220; parallax_image=&#8220;51578&#8243; bg_type=&#8220;image&#8220; parallax_style=&#8220;vcpb-default&#8220; bg_image_repeat=&#8220;no-repeat&#8220; css=&#8220;.vc_custom_1516738243695{margin-top: -70px !important;padding-bottom: 110px !important;}&#8220;][vc_column][vc_custom_heading text=&#8220;VOTEN&#8220; font_container=&#8220;tag:h2|font_size:30|text_align:center|color:%23ffffff&#8220; google_fonts=&#8220;font_family:Roboto%3A100%2C100italic%2C300%2C300italic%2Cregular%2Citalic%2C500%2C500italic%2C700%2C700italic%2C900%2C900italic|font_style:700%20bold%20regular%3A700%3Anormal&#8220;][vc_text_separator title=&#8220;&#8220; i_icon_fontawesome=&#8220;fa fa-ravelry&#8220; i_color=&#8220;custom&#8220; i_size=&#8220;sm&#8220; color=&#8220;custom&#8220; el_width=&#8220;30&#8243; add_icon=&#8220;true&#8220; i_custom_color=&#8220;#ffffff&#8220; accent_color=&#8220;#ffffff&#8220; css=&#8220;.vc_custom_1516653640632{margin-top: -20px !important;margin-bottom: -5px !important;}&#8220;][vc_custom_heading text=&#8220;Unterst\u00fctze uns mit deinem t\u00e4glichen Vote f\u00fcr MastersOfTheCraft&#8220; font_container=&#8220;tag:p|font_size:14|text_align:center|color:%23ffffff&#8220; google_fonts=&#8220;font_family:Roboto%3A100%2C100italic%2C300%2C300italic%2Cregular%2Citalic%2C500%2C500italic%2C700%2C700italic%2C900%2C900italic|font_style:400%20regular%3A400%3Anormal&#8220;][vc_empty_space height=&#8220;70&#8243;][\/vc_column][\/vc_row][vc_row][vc_column width=&#8220;1\/2&#8243;][vc_empty_space height=&#8220;30px&#8220;][vc_empty_space height=&#8220;20px&#8220;][vc_custom_heading text=&#8220;Minecraft-Server.eu&#8220; font_container=&#8220;tag:h5|font_size:18|text_align:center|color:%23000000&#8243; google_fonts=&#8220;font_family:Roboto%3A100%2C100italic%2C300%2C300italic%2Cregular%2Citalic%2C500%2C500italic%2C700%2C700italic%2C900%2C900italic|font_style:700%20bold%20regular%3A700%3Anormal&#8220;][vc_text_separator title=&#8220;&#8220; i_icon_fontawesome=&#8220;fa fa-ravelry&#8220; i_color=&#8220;custom&#8220; i_size=&#8220;sm&#8220; color=&#8220;custom&#8220; el_width=&#8220;40&#8243; add_icon=&#8220;true&#8220;&hellip;<\/p>\n","protected":false},"author":1,"featured_media":0,"parent":1278,"menu_order":0,"comment_status":"closed","ping_status":"closed","template":"template-microsite.php","meta":{"footnotes":""},"class_list":["post-51627","page","type-page","status-publish","hentry","description-off"],"_links":{"self":[{"href":"https:\/\/masterofthecraft.de\/index.php\/wp-json\/wp\/v2\/pages\/51627","targetHints":{"allow":["GET"]}}],"collection":[{"href":"https:\/\/masterofthecraft.de\/index.php\/wp-json\/wp\/v2\/pages"}],"about":[{"href":"https:\/\/masterofthecraft.de\/index.php\/wp-json\/wp\/v2\/types\/page"}],"author":[{"embeddable":true,"href":"https:\/\/masterofthecraft.de\/index.php\/wp-json\/wp\/v2\/users\/1"}],"replies":[{"embeddable":true,"href":"https:\/\/masterofthecraft.de\/index.php\/wp-json\/wp\/v2\/comments?post=51627"}],"version-history":[{"count":16,"href":"https:\/\/masterofthecraft.de\/index.php\/wp-json\/wp\/v2\/pages\/51627\/revisions"}],"predecessor-version":[{"id":51756,"href":"https:\/\/masterofthecraft.de\/index.php\/wp-json\/wp\/v2\/pages\/51627\/revisions\/51756"}],"up":[{"embeddable":true,"href":"https:\/\/masterofthecraft.de\/index.php\/wp-json\/wp\/v2\/pages\/1278"}],"wp:attachment":[{"href":"https:\/\/masterofthecraft.de\/index.php\/wp-json\/wp\/v2\/media?parent=51627"}],"curies":[{"name":"wp","href":"https:\/\/api.w.org\/{rel}","templated":true}]}}